{"id":101,"date":"2024-09-09T12:42:22","date_gmt":"2024-09-09T10:42:22","guid":{"rendered":"https:\/\/kinesiologue-bebe-enfant-78.fr\/index.php\/cancel-payment\/"},"modified":"-0001-11-30T00:00:00","modified_gmt":"-0001-11-29T22:00:00","slug":"cancel-payment","status":"publish","type":"page","link":"https:\/\/kinesiologue-bebe-enfant-78.fr\/index.php\/cancel-payment\/","title":{"rendered":"Annuler le paiement"},"content":{"rendered":"<div class=\"bpa-front-data-empty-view __bpa-is-guest-view\">\n<h4>D\u00e9sol\u00e9\u00a0! Quelque chose s\u2019est mal pass\u00e9. Votre paiement a \u00e9chou\u00e9.<\/h4>\n<\/p><\/div>\n","protected":false},"excerpt":{"rendered":"<p>D\u00e9sol\u00e9\u00a0! Quelque chose s\u2019est mal pass\u00e9. Votre paiement a \u00e9chou\u00e9.<\/p>\n","protected":false},"author":1,"featured_media":0,"parent":0,"menu_order":0,"comment_status":"open","ping_status":"open","template":"","meta":{"_et_pb_use_builder":"","_et_pb_old_content":"","_et_gb_content_width":"","inline_featured_image":false,"footnotes":""},"class_list":["post-101","page","type-page","status-publish","hentry"],"yoast_head":"<!-- This site is optimized with the Yoast SEO plugin v24.0 - https:\/\/yoast.com\/wordpress\/plugins\/seo\/ -->\n<title>Annuler le paiement - Aur\u00e9lie H\u00e9rault - Kin\u00e9siologue<\/title>\n<meta name=\"robots\" content=\"index, follow, max-snippet:-1, max-image-preview:large, max-video-preview:-1\" \/>\n<link rel=\"canonical\" href=\"https:\/\/kinesiologue-bebe-enfant-78.fr\/index.php\/cancel-payment\/\" \/>\n<meta property=\"og:locale\" content=\"en_US\" \/>\n<meta property=\"og:type\" content=\"article\" \/>\n<meta property=\"og:title\" content=\"Annuler le paiement - Aur\u00e9lie H\u00e9rault - Kin\u00e9siologue\" \/>\n<meta property=\"og:description\" content=\"D\u00e9sol\u00e9\u00a0! Quelque chose s\u2019est mal pass\u00e9. Votre paiement a \u00e9chou\u00e9.\" \/>\n<meta property=\"og:url\" content=\"https:\/\/kinesiologue-bebe-enfant-78.fr\/index.php\/cancel-payment\/\" \/>\n<meta property=\"og:site_name\" content=\"Aur\u00e9lie H\u00e9rault - Kin\u00e9siologue\" \/>\n<meta property=\"article:modified_time\" content=\"-0001-11-30T00:00:00+00:00\" \/>\n<meta name=\"twitter:card\" content=\"summary_large_image\" \/>\n<script type=\"application\/ld+json\" class=\"yoast-schema-graph\">{\"@context\":\"https:\/\/schema.org\",\"@graph\":[{\"@type\":\"WebPage\",\"@id\":\"https:\/\/kinesiologue-bebe-enfant-78.fr\/index.php\/cancel-payment\/\",\"url\":\"https:\/\/kinesiologue-bebe-enfant-78.fr\/index.php\/cancel-payment\/\",\"name\":\"Annuler le paiement - Aur\u00e9lie H\u00e9rault - Kin\u00e9siologue\",\"isPartOf\":{\"@id\":\"https:\/\/kinesiologue-bebe-enfant-78.fr\/#website\"},\"datePublished\":\"2024-09-09T10:42:22+00:00\",\"dateModified\":\"-0001-11-30T00:00:00+00:00\",\"breadcrumb\":{\"@id\":\"https:\/\/kinesiologue-bebe-enfant-78.fr\/index.php\/cancel-payment\/#breadcrumb\"},\"inLanguage\":\"en-US\",\"potentialAction\":[{\"@type\":\"ReadAction\",\"target\":[\"https:\/\/kinesiologue-bebe-enfant-78.fr\/index.php\/cancel-payment\/\"]}]},{\"@type\":\"BreadcrumbList\",\"@id\":\"https:\/\/kinesiologue-bebe-enfant-78.fr\/index.php\/cancel-payment\/#breadcrumb\",\"itemListElement\":[{\"@type\":\"ListItem\",\"position\":1,\"name\":\"Accueil\",\"item\":\"https:\/\/kinesiologue-bebe-enfant-78.fr\/\"},{\"@type\":\"ListItem\",\"position\":2,\"name\":\"Annuler le paiement\"}]},{\"@type\":\"WebSite\",\"@id\":\"https:\/\/kinesiologue-bebe-enfant-78.fr\/#website\",\"url\":\"https:\/\/kinesiologue-bebe-enfant-78.fr\/\",\"name\":\"Aur\u00e9lie H\u00e9rault - Kin\u00e9siologue\",\"description\":\"Apaiser les temp\u00eates \u00e9motionnelles d\u00e8s l&#039;enfance\",\"potentialAction\":[{\"@type\":\"SearchAction\",\"target\":{\"@type\":\"EntryPoint\",\"urlTemplate\":\"https:\/\/kinesiologue-bebe-enfant-78.fr\/?s={search_term_string}\"},\"query-input\":{\"@type\":\"PropertyValueSpecification\",\"valueRequired\":true,\"valueName\":\"search_term_string\"}}],\"inLanguage\":\"en-US\"}]}<\/script>\n<!-- \/ Yoast SEO plugin. -->","yoast_head_json":{"title":"Annuler le paiement - Aur\u00e9lie H\u00e9rault - Kin\u00e9siologue","robots":{"index":"index","follow":"follow","max-snippet":"max-snippet:-1","max-image-preview":"max-image-preview:large","max-video-preview":"max-video-preview:-1"},"canonical":"https:\/\/kinesiologue-bebe-enfant-78.fr\/index.php\/cancel-payment\/","og_locale":"en_US","og_type":"article","og_title":"Annuler le paiement - Aur\u00e9lie H\u00e9rault - Kin\u00e9siologue","og_description":"D\u00e9sol\u00e9\u00a0! Quelque chose s\u2019est mal pass\u00e9. Votre paiement a \u00e9chou\u00e9.","og_url":"https:\/\/kinesiologue-bebe-enfant-78.fr\/index.php\/cancel-payment\/","og_site_name":"Aur\u00e9lie H\u00e9rault - Kin\u00e9siologue","article_modified_time":"-0001-11-30T00:00:00+00:00","twitter_card":"summary_large_image","schema":{"@context":"https:\/\/schema.org","@graph":[{"@type":"WebPage","@id":"https:\/\/kinesiologue-bebe-enfant-78.fr\/index.php\/cancel-payment\/","url":"https:\/\/kinesiologue-bebe-enfant-78.fr\/index.php\/cancel-payment\/","name":"Annuler le paiement - Aur\u00e9lie H\u00e9rault - Kin\u00e9siologue","isPartOf":{"@id":"https:\/\/kinesiologue-bebe-enfant-78.fr\/#website"},"datePublished":"2024-09-09T10:42:22+00:00","dateModified":"-0001-11-30T00:00:00+00:00","breadcrumb":{"@id":"https:\/\/kinesiologue-bebe-enfant-78.fr\/index.php\/cancel-payment\/#breadcrumb"},"inLanguage":"en-US","potentialAction":[{"@type":"ReadAction","target":["https:\/\/kinesiologue-bebe-enfant-78.fr\/index.php\/cancel-payment\/"]}]},{"@type":"BreadcrumbList","@id":"https:\/\/kinesiologue-bebe-enfant-78.fr\/index.php\/cancel-payment\/#breadcrumb","itemListElement":[{"@type":"ListItem","position":1,"name":"Accueil","item":"https:\/\/kinesiologue-bebe-enfant-78.fr\/"},{"@type":"ListItem","position":2,"name":"Annuler le paiement"}]},{"@type":"WebSite","@id":"https:\/\/kinesiologue-bebe-enfant-78.fr\/#website","url":"https:\/\/kinesiologue-bebe-enfant-78.fr\/","name":"Aur\u00e9lie H\u00e9rault - Kin\u00e9siologue","description":"Apaiser les temp\u00eates \u00e9motionnelles d\u00e8s l&#039;enfance","potentialAction":[{"@type":"SearchAction","target":{"@type":"EntryPoint","urlTemplate":"https:\/\/kinesiologue-bebe-enfant-78.fr\/?s={search_term_string}"},"query-input":{"@type":"PropertyValueSpecification","valueRequired":true,"valueName":"search_term_string"}}],"inLanguage":"en-US"}]}},"_links":{"self":[{"href":"https:\/\/kinesiologue-bebe-enfant-78.fr\/index.php\/wp-json\/wp\/v2\/pages\/101","targetHints":{"allow":["GET"]}}],"collection":[{"href":"https:\/\/kinesiologue-bebe-enfant-78.fr\/index.php\/wp-json\/wp\/v2\/pages"}],"about":[{"href":"https:\/\/kinesiologue-bebe-enfant-78.fr\/index.php\/wp-json\/wp\/v2\/types\/page"}],"author":[{"embeddable":true,"href":"https:\/\/kinesiologue-bebe-enfant-78.fr\/index.php\/wp-json\/wp\/v2\/users\/1"}],"replies":[{"embeddable":true,"href":"https:\/\/kinesiologue-bebe-enfant-78.fr\/index.php\/wp-json\/wp\/v2\/comments?post=101"}],"version-history":[{"count":0,"href":"https:\/\/kinesiologue-bebe-enfant-78.fr\/index.php\/wp-json\/wp\/v2\/pages\/101\/revisions"}],"wp:attachment":[{"href":"https:\/\/kinesiologue-bebe-enfant-78.fr\/index.php\/wp-json\/wp\/v2\/media?parent=101"}],"curies":[{"name":"wp","href":"https:\/\/api.w.org\/{rel}","templated":true}]}}